{"id":562,"date":"2015-11-24T20:36:25","date_gmt":"2015-11-24T20:36:25","guid":{"rendered":"https:\/\/socialimpactscience.org\/sis2016\/?page_id=562"},"modified":"2016-04-30T17:03:54","modified_gmt":"2016-04-30T17:03:54","slug":"committees","status":"publish","type":"page","link":"https:\/\/socialimpactscience.org\/sis2016\/committees\/","title":{"rendered":"Committees"},"content":{"rendered":"<div class=\"section \" style=\"background-color: #ffffff; border: 1px solid #efefef; padding: 40px 0 40px 0; \">\n<div class=\"container clearfix\">\n<div class=\"sixteen columns\">\n<h2 style=\"font-size: 40px; text-align: center !important; color: #000 !important; line-height: 54px; margin-bottom: 0px;\"><strong>HONORARY COMMITTEE<\/strong><\/h2>\n<div class=\"hr hr4\" style='margin:20px 0px 20px 0px !important;'><\/div>\n<div class=\"one_fourth\">\n<div class=\"member\">\n<div class='member-img'><img src='https:\/\/socialimpactscience.org\/sis2016\/wp-content\/uploads\/2015\/11\/did_ram.png' \/><\/div>\n<h4>D\u00eddac Ram\u00edrez<\/h4>\n<div class=\"member-role\">Rector of the University of Barcelona.<\/div>\n<\/div>\n<\/div>\n<div class=\"one_fourth\">\n<div class=\"member\">\n<div class='member-img'><img src='https:\/\/socialimpactscience.org\/sis2016\/wp-content\/uploads\/2016\/01\/joa_ros.png' \/><\/div>\n<h4>Joandom\u00e8nec Ros<\/h4>\n<div class=\"member-role\">President of the Institut d\u2019Estudis Catalans.<\/div>\n<\/div>\n<\/div>\n<div class=\"one_fourth\">\n<div class=\"member\">\n<div class='member-img'><img src='https:\/\/socialimpactscience.org\/sis2016\/wp-content\/uploads\/2015\/11\/joa_mas.png' \/><\/div>\n<h4>Joan Massagu\u00e9<\/h4>\n<div class=\"member-role\">Sloan Kettering Institute Director.<\/div>\n<\/div>\n<\/div>\n<div class=\"one_fourth last\">\n<div class=\"member\">\n<div class='member-img'><img src='https:\/\/socialimpactscience.org\/sis2016\/wp-content\/uploads\/2016\/01\/ada_yon.png' \/><\/div>\n<h4>Ada Yonath<\/h4>\n<div class=\"member-role\">Nobel Prize in Chemistry 2009. Weizmann Institute of Science.<\/div>\n<\/div>\n<\/div>\n<div class=\"clear\"><\/div>\n<\/div>\n<\/div>\n<\/div>\n<div class=\"section \" style=\"background-color: #f0f0f0; border: 1px solid #efefef; padding: 40px 0 40px 0; \">\n<div class=\"container clearfix\">\n<div class=\"sixteen columns\">\n<h2 style=\"font-size: 40px; text-align: center !important; color: #000 !important; line-height: 54px; margin-bottom: 0px;\"><strong>SCIENTIFIC COMMITTEE<\/strong><\/h2>\n<div class=\"hr hr4\" style='margin:20px 0px 20px 0px !important;'><\/div>\n<div class=\"one_sixth\">\n<div class=\"member\">\n<div class='member-img'><img src='https:\/\/socialimpactscience.org\/sis2016\/wp-content\/uploads\/2015\/10\/jor_alb.png' \/><\/div>\n<h4>Jordi Alberch<\/h4>\n<div class=\"member-role\">President of the Spanish Neuroscience Society. Professor at the Department of Cellular Biology, Immunology and Neuroscience, and Vicerector for Research at the University of Barcelona. <\/div>\n<\/div>\n<\/div>\n<div class=\"one_sixth\">\n<div class=\"member\">\n<div class='member-img'><img src='https:\/\/socialimpactscience.org\/sis2016\/wp-content\/uploads\/2015\/10\/ver_kie.png' \/><\/div>\n<h4>Veronique Kiermer<\/h4>\n<div class=\"member-role\">Executive Editor of PLOS. Former Director of Author and Reviewer services for Nature and founder Chief-Editor of \u201cNature Methods\u201d.<\/div>\n<\/div>\n<\/div>\n<div class=\"one_sixth\">\n<div class=\"member\">\n<div class='member-img'><img src='https:\/\/socialimpactscience.org\/sis2016\/wp-content\/uploads\/2015\/10\/pun_nga.png' \/><\/div>\n<h4>Pun Ngai<\/h4>\n<div class=\"member-role\">Director, China Research and Development Network. Professor at the Hong Kong Polytechnic University.  Founder of the Chinese Women Workers Network.<\/div>\n<\/div>\n<\/div>\n<div class=\"one_sixth\">\n<div class=\"member\">\n<div class='member-img'><img src='https:\/\/socialimpactscience.org\/sis2016\/wp-content\/uploads\/2015\/10\/gon_gir.png' \/><\/div>\n<h4>Gonzalo Giribet<\/h4>\n<div class=\"member-role\">Alexander Agassiz Professor of Zoology in the Museum of Comparative Zoology and Professor of Organismic and Evolutionary Biology. Harvard University.<\/div>\n<\/div>\n<\/div>\n<div class=\"one_sixth\">\n<div class=\"member\">\n<div class='member-img'><img src='https:\/\/socialimpactscience.org\/sis2016\/wp-content\/uploads\/2015\/10\/phi_ker.png' \/><\/div>\n<h4>Philippe Keraudren<\/h4>\n<div class=\"member-role\">Deputy Head of Unit B6. Directorate on Innovation and European Research Area. D.G. Research and Innovation, European Commission.<\/div>\n<\/div>\n<\/div>\n<div class=\"one_sixth last\">\n<div class=\"member\">\n<div class='member-img'><img src='https:\/\/socialimpactscience.org\/sis2016\/wp-content\/uploads\/2016\/04\/nic_kei.png' \/><\/div>\n<h4>Nicol Keith<\/h4>\n<div class=\"member-role\">Professor of Molecular Oncology at the Institute of Cancer Sciences, University of Glasgow.<\/div>\n<\/div>\n<\/div>\n<div class=\"clear\"><\/div>\n<div class=\"gap\" style=\"height: 20px;\"><\/div>\n<div class=\"one_sixth\">\n<div class=\"member\">\n<div class='member-img'><img src='https:\/\/socialimpactscience.org\/sis2016\/wp-content\/uploads\/2016\/02\/sha_smi.jpg' \/><\/div>\n<h4>Sharon Smit<\/h4>\n<div class=\"member-role\">Director of Sustainable Society. University of Groningen.<\/div>\n<\/div>\n<\/div>\n<div class=\"one_sixth\">\n<div class=\"member\">\n<div class='member-img'><img src='https:\/\/socialimpactscience.org\/sis2016\/wp-content\/uploads\/2015\/10\/cla_don.png' \/><\/div>\n<h4>Claire Donovan<\/h4>\n<div class=\"member-role\">Reader in Science and Technology studies. Chair of an Australian Government Technical Working Group on Research Impact (2006). Brunel University London.<\/div>\n<\/div>\n<\/div>\n<div class=\"one_sixth\">\n<div class=\"member\">\n<div class='member-img'><img src='https:\/\/socialimpactscience.org\/sis2016\/wp-content\/uploads\/2015\/10\/ram_fle.png' \/><\/div>\n<h4>Ram\u00f3n Flecha<\/h4>\n<div class=\"member-role\">Main researcher of the IMPACT-EV project. Professor of Sociology at the University of Barcelona. Dr Honoris Causa by Vest Timisoara University.<\/div>\n<\/div>\n<\/div>\n<div class=\"one_sixth\">\n<div class=\"member\">\n<div class='member-img'><img src='https:\/\/socialimpactscience.org\/sis2016\/wp-content\/uploads\/2015\/10\/man_leo.png' \/><\/div>\n<h4>Manuel Le\u00f3n Rodr\u00edguez<\/h4>\n<div class=\"member-role\">Director of the Institute of Mathematical Sciences (ICMAT) and refounder of the Spanish Royal Mathematical Society (RSME).<\/div>\n<\/div>\n<\/div>\n<div class=\"one_sixth\">\n<div class=\"member\">\n<div class='member-img'><img src='https:\/\/socialimpactscience.org\/sis2016\/wp-content\/uploads\/2015\/10\/pek_sul.png' \/><\/div>\n<h4>Pekka Sulkunen<\/h4>\n<div class=\"member-role\">Leader of the research group on Life Regulation Practices and the Nature Culture Problem. Professor of Sociology at University of Helsinki.<\/div>\n<\/div>\n<\/div>\n<div class=\"one_sixth last\">\n<div class=\"member\">\n<div class='member-img'><img src='https:\/\/socialimpactscience.org\/sis2016\/wp-content\/uploads\/2015\/12\/mar_sol.png' \/><\/div>\n<h4>Marta Soler-Gallart<\/h4>\n<div class=\"member-role\">Director of CREA Research Community, University of Barcelona. Member of the ORCID Board of Directors.<\/div>\n<\/div>\n<\/div>\n<div class=\"clear\"><\/div>\n<\/div>\n<\/div>\n<\/div>\n<div class=\"section \" style=\"background-color: #ffffff; border: 1px solid #efefef; padding: 40px 0 40px 0; \">\n<div class=\"container clearfix\">\n<div class=\"sixteen columns\">\n<h2 style=\"font-size: 40px; text-align: center !important; color: #000 !important; line-height: 54px; margin-bottom: 0px;\"><strong>ORGANIZERS<\/strong><\/h2>\n<div class=\"hr hr4\" style='margin:20px 0px 20px 0px !important;'><\/div>\n<div class=\"one_half\">\n<a href=\"http:\/\/ub.edu\/sior\/index.php\"><img decoding=\"async\" src=\"https:\/\/socialimpactscience.org\/sis2016\/wp-content\/uploads\/2015\/10\/logosior.png\" alt=\"logosior\" width=\"300\" height=\"\" class=\"aligncenter\" \/><\/a><\/p>\n<h3 style=\"text-align: center;\">Social Impact Open Repository<\/h3>\n<\/div>\n<div class=\"one_half last\">\n<a href=\"http:\/\/ub.edu\"><img decoding=\"async\" src=\"https:\/\/socialimpactscience.org\/sis2016\/wp-content\/uploads\/2015\/10\/logoub.png\" alt=\"logoub\" width=\"300\" height=\"\" class=\"aligncenter\" \/><\/a><\/p>\n<h3 style=\"text-align: center;\">University of Barcelona<\/h3>\n<\/div>\n<div class=\"clear\"><\/div>\n<div class=\"hr hr3\" style='margin:20px 0px 20px 0px !important;'><\/div>\n<div class=\"gap\" style=\"height: 40px;\"><\/div>\n<div class=\"two_third\">\n<h2 class=\"title\"><span>Organizing Commitee<\/span><\/h2>\n<ul>\n<li>\n<h4><strong>Rosa Valls-Carol<\/strong>. <em>President of the Organizing Committee<\/em><\/h4>\n<\/li>\n<li>\n<h4><strong>Teresa Sord\u00e9 Mart\u00ed<\/strong>. <em>Secretary of the Organizing Committee<\/em><\/h4>\n<\/li>\n<li>\n<h4><strong>Laura D\u00edez Bueso<\/strong><\/h4>\n<\/li>\n<li>\n<h4><strong>Carmen Elboj Saso<\/strong><\/h4>\n<\/li>\n<li>\n<h4><strong>Aitor G\u00f3mez Gonz\u00e1lez<\/strong><\/h4>\n<\/li>\n<li>\n<h4><strong>Maite Novo Molinero<\/strong><\/h4>\n<\/li>\n<\/ul>\n<\/div>\n<div class=\"one_third last\">\n<h2 class=\"title\"><span>Contact<\/span><\/h2>\n<h4><i class=\"fa fa-envelope-o\"> <\/i>  info@socialimpactscience.org<\/h4>\n<h4><i class=\"fa fa-envelope-o\"> <\/i>  sior@ub.edu<\/h4>\n<div class=\"gap\" style=\"height: 10px;\"><\/div>\n<h4><i class=\"fa fa-phone\"><\/i>  +34 934035099<\/h4>\n<h4><i class=\"fa fa-phone\"><\/i>  +34 934037228<\/h4>\n<\/div>\n<div class=\"clear\"><\/div>\n<\/div>\n<\/div>\n<\/div>\n","protected":false},"excerpt":{"rendered":"<p>HONORARY COMMITTEE D\u00eddac Ram\u00edrez Rector of the University of Barcelona. Joandom\u00e8nec Ros President of the Institut d\u2019Estudis Catalans. Joan Massagu\u00e9 Sloan Kettering Institute Director. Ada Yonath Nobel Prize in Chemistry\u2026 <a href=\"https:\/\/socialimpactscience.org\/sis2016\/committees\/\" class=\"read-more-link\">Leer m\u00e1s &rarr;<\/a><\/p>\n","protected":false},"author":1,"featured_media":0,"parent":0,"menu_order":0,"comment_status":"closed","ping_status":"closed","template":"page-section.php","meta":{"footnotes":""},"class_list":["post-562","page","type-page","status-publish","hentry"],"_links":{"self":[{"href":"https:\/\/socialimpactscience.org\/sis2016\/wp-json\/wp\/v2\/pages\/562","targetHints":{"allow":["GET"]}}],"collection":[{"href":"https:\/\/socialimpactscience.org\/sis2016\/wp-json\/wp\/v2\/pages"}],"about":[{"href":"https:\/\/socialimpactscience.org\/sis2016\/wp-json\/wp\/v2\/types\/page"}],"author":[{"embeddable":true,"href":"https:\/\/socialimpactscience.org\/sis2016\/wp-json\/wp\/v2\/users\/1"}],"replies":[{"embeddable":true,"href":"https:\/\/socialimpactscience.org\/sis2016\/wp-json\/wp\/v2\/comments?post=562"}],"version-history":[{"count":16,"href":"https:\/\/socialimpactscience.org\/sis2016\/wp-json\/wp\/v2\/pages\/562\/revisions"}],"predecessor-version":[{"id":1474,"href":"https:\/\/socialimpactscience.org\/sis2016\/wp-json\/wp\/v2\/pages\/562\/revisions\/1474"}],"wp:attachment":[{"href":"https:\/\/socialimpactscience.org\/sis2016\/wp-json\/wp\/v2\/media?parent=562"}],"curies":[{"name":"wp","href":"https:\/\/api.w.org\/{rel}","templated":true}]}}